{"id":25,"date":"2019-02-08T21:36:32","date_gmt":"2019-02-08T20:36:32","guid":{"rendered":"https:\/\/terradesign.pl\/test\/?page_id=25"},"modified":"2019-09-17T14:50:02","modified_gmt":"2019-09-17T12:50:02","slug":"zakladanie-ogrodow","status":"publish","type":"page","link":"https:\/\/terradesign.pl\/test\/?page_id=25","title":{"rendered":"Zak\u0142adanie ogrod\u00f3w"},"content":{"rendered":"\t\t<div data-elementor-type=\"wp-post\" data-elementor-id=\"25\" class=\"elementor elementor-25 elementor-bc-flex-widget\">\n\t\t\t\t\t\t<section class=\"elementor-section elementor-top-section elementor-element elementor-element-6090f25 elementor-section-boxed elementor-section-height-default elementor-section-height-default\" data-id=\"6090f25\" data-element_type=\"section\" data-e-type=\"section\">\n\t\t\t\t\t\t<div class=\"elementor-container elementor-column-gap-default\">\n\t\t\t\t\t<div class=\"elementor-column elementor-col-100 elementor-top-column elementor-element elementor-element-bbd0e18\" data-id=\"bbd0e18\" data-element_type=\"column\" data-e-type=\"column\">\n\t\t\t<div class=\"elementor-widget-wrap elementor-element-populated\">\n\t\t\t\t\t\t<div class=\"elementor-element elementor-element-75b7ceb elementor-widget elementor-widget-image\" data-id=\"75b7ceb\" data-element_type=\"widget\" data-e-type=\"widget\" data-widget_type=\"image.default\">\n\t\t\t\t<div class=\"elementor-widget-container\">\n\t\t\t\t\t\t\t\t\t\t\t\t\t\t\t<img fetchpriority=\"high\" decoding=\"async\" width=\"975\" height=\"500\" src=\"https:\/\/terradesign.pl\/test\/wp-content\/uploads\/2019\/02\/7-975x500.jpg\" class=\"attachment-simplyread-slider-image size-simplyread-slider-image wp-image-316\" alt=\"zak\u0142adanie ogrod\u00f3w\" \/>\t\t\t\t\t\t\t\t\t\t\t\t\t\t\t<\/div>\n\t\t\t\t<\/div>\n\t\t\t\t\t<\/div>\n\t\t<\/div>\n\t\t\t\t\t<\/div>\n\t\t<\/section>\n\t\t\t\t<section class=\"elementor-section elementor-top-section elementor-element elementor-element-45fd5ae elementor-section-boxed elementor-section-height-default elementor-section-height-default\" data-id=\"45fd5ae\" data-element_type=\"section\" data-e-type=\"section\">\n\t\t\t\t\t\t<div class=\"elementor-container elementor-column-gap-default\">\n\t\t\t\t\t<div class=\"elementor-column elementor-col-100 elementor-top-column elementor-element elementor-element-3354da3\" data-id=\"3354da3\" data-element_type=\"column\" data-e-type=\"column\">\n\t\t\t<div class=\"elementor-widget-wrap elementor-element-populated\">\n\t\t\t\t\t\t<div class=\"elementor-element elementor-element-66538e3a elementor-widget elementor-widget-text-editor\" data-id=\"66538e3a\" data-element_type=\"widget\" data-e-type=\"widget\" data-widget_type=\"text-editor.default\">\n\t\t\t\t<div class=\"elementor-widget-container\">\n\t\t\t\t\t\t\t\t\t<p><\/p>\n<h2>Zak\u0142adanie ogrod\u00f3w &#8211; realizacja projekt\u00f3w ogrod\u00f3w<\/h2>\n<p><\/p>\t\t\t\t\t\t\t\t<\/div>\n\t\t\t\t<\/div>\n\t\t\t\t\t<\/div>\n\t\t<\/div>\n\t\t\t\t\t<\/div>\n\t\t<\/section>\n\t\t\t\t<section class=\"elementor-section elementor-top-section elementor-element elementor-element-5d3e1c2 elementor-section-boxed elementor-section-height-default elementor-section-height-default\" data-id=\"5d3e1c2\" data-element_type=\"section\" data-e-type=\"section\">\n\t\t\t\t\t\t<div class=\"elementor-container elementor-column-gap-default\">\n\t\t\t\t\t<div class=\"elementor-column elementor-col-100 elementor-top-column elementor-element elementor-element-13a94c2\" data-id=\"13a94c2\" data-element_type=\"column\" data-e-type=\"column\">\n\t\t\t<div class=\"elementor-widget-wrap elementor-element-populated\">\n\t\t\t\t\t\t<div class=\"elementor-element elementor-element-b071b77 elementor-widget elementor-widget-text-editor\" data-id=\"b071b77\" data-element_type=\"widget\" data-e-type=\"widget\" data-widget_type=\"text-editor.default\">\n\t\t\t\t<div class=\"elementor-widget-container\">\n\t\t\t\t\t\t\t\t\t<p>Reazlizacj\u0105 projekt\u00f3w ogrod\u00f3w zajmujemy si\u0119 od kilkunastu lat. Pracujemy w oparciu o aran\u017cacje w\u0142asne oraz projekty przygotowane przez inne pracownie. Wieloletnie empiryczne zdobywanie wiedzy, a co za tym idzie bogate do\u015bwiadczenie, daje nam komfort swobodnej pracy oraz \u0142atwo\u015b\u0107 w znajdowaniu i \u0142\u0105czeniu sprawdzonych i nowoczesnych rozwi\u0105za\u0144. Zdobyte do\u015bwiadczenie w zak\u0142adaniu ogrod\u00f3w narzuca wielop\u0142aszczyznowe i kompleksowe podej\u015bcie do ka\u017cdego projektu i realizacji ogrodu.<\/p>\n<p>Ogrody s\u0105 dla nas rodzajem \u017cywego systemu, w kt\u00f3rym ka\u017cdy element s\u0142u\u017cy pozosta\u0142ym, dlatego tak bardzo istotna jest nale\u017cyta uwaga po\u015bwi\u0119cona ka\u017cdej jego cz\u0119\u015bci.<\/p>\t\t\t\t\t\t\t\t<\/div>\n\t\t\t\t<\/div>\n\t\t\t\t\t<\/div>\n\t\t<\/div>\n\t\t\t\t\t<\/div>\n\t\t<\/section>\n\t\t\t\t<section class=\"elementor-section elementor-top-section elementor-element elementor-element-f0091ff elementor-section-boxed elementor-section-height-default elementor-section-height-default\" data-id=\"f0091ff\" data-element_type=\"section\" data-e-type=\"section\">\n\t\t\t\t\t\t<div class=\"elementor-container elementor-column-gap-default\">\n\t\t\t\t\t<div class=\"elementor-column elementor-col-100 elementor-top-column elementor-element elementor-element-e525907\" data-id=\"e525907\" data-element_type=\"column\" data-e-type=\"column\">\n\t\t\t<div class=\"elementor-widget-wrap elementor-element-populated\">\n\t\t\t\t\t\t<div class=\"elementor-element elementor-element-fc0820f gallery-spacing-custom elementor-widget elementor-widget-image-gallery\" data-id=\"fc0820f\" data-element_type=\"widget\" data-e-type=\"widget\" data-widget_type=\"image-gallery.default\">\n\t\t\t\t<div class=\"elementor-widget-container\">\n\t\t\t\t\t\t\t<div class=\"elementor-image-gallery\">\n\t\t\t\n\t\t<style type=\"text\/css\">\n\t\t\t#gallery-1 {\n\t\t\t\tmargin: auto;\n\t\t\t}\n\t\t\t#gallery-1 .gallery-item {\n\t\t\t\tfloat: left;\n\t\t\t\tmargin-top: 10px;\n\t\t\t\ttext-align: center;\n\t\t\t\twidth: 33%;\n\t\t\t}\n\t\t\t#gallery-1 img {\n\t\t\t\tborder: 2px solid #cfcfcf;\n\t\t\t}\n\t\t\t#gallery-1 .gallery-caption {\n\t\t\t\tmargin-left: 0;\n\t\t\t}\n\t\t\t\/* see gallery_shortcode() in wp-includes\/media.php *\/\n\t\t<\/style>\n\t\t<div id='gallery-1' class='gallery galleryid-25 gallery-columns-3 gallery-size-medium_large'><dl class='gallery-item'>\n\t\t\t<dt class='gallery-icon landscape'>\n\t\t\t\t<a data-elementor-open-lightbox=\"yes\" data-elementor-lightbox-slideshow=\"fc0820f\" data-elementor-lightbox-title=\"zak\u0142adanie ogrod\u00f3w przydomowych\" data-e-action-hash=\"#elementor-action%3Aaction%3Dlightbox%26settings%3DeyJpZCI6MzYsInVybCI6Imh0dHBzOlwvXC90ZXJyYWRlc2lnbi5wbFwvdGVzdFwvd3AtY29udGVudFwvdXBsb2Fkc1wvMjAxOVwvMDJcL3pha2xhZGFuaWUtb2dyb2RvdzIwMTYwODA5LTAwNTEuanBnIiwic2xpZGVzaG93IjoiZmMwODIwZiJ9\" href='https:\/\/terradesign.pl\/test\/wp-content\/uploads\/2019\/02\/zakladanie-ogrodow20160809-0051.jpg'><img decoding=\"async\" width=\"640\" height=\"427\" src=\"https:\/\/terradesign.pl\/test\/wp-content\/uploads\/2019\/02\/zakladanie-ogrodow20160809-0051-768x512.jpg\" class=\"attachment-medium_large size-medium_large\" alt=\"zak\u0142adanie ogrod\u00f3w przydomowych\" srcset=\"https:\/\/terradesign.pl\/test\/wp-content\/uploads\/2019\/02\/zakladanie-ogrodow20160809-0051-768x512.jpg 768w, https:\/\/terradesign.pl\/test\/wp-content\/uploads\/2019\/02\/zakladanie-ogrodow20160809-0051-300x200.jpg 300w, https:\/\/terradesign.pl\/test\/wp-content\/uploads\/2019\/02\/zakladanie-ogrodow20160809-0051-1024x683.jpg 1024w, https:\/\/terradesign.pl\/test\/wp-content\/uploads\/2019\/02\/zakladanie-ogrodow20160809-0051-390x260.jpg 390w, https:\/\/terradesign.pl\/test\/wp-content\/uploads\/2019\/02\/zakladanie-ogrodow20160809-0051-520x347.jpg 520w, https:\/\/terradesign.pl\/test\/wp-content\/uploads\/2019\/02\/zakladanie-ogrodow20160809-0051-740x493.jpg 740w, https:\/\/terradesign.pl\/test\/wp-content\/uploads\/2019\/02\/zakladanie-ogrodow20160809-0051.jpg 1600w\" sizes=\"(max-width: 640px) 100vw, 640px\" \/><\/a>\n\t\t\t<\/dt><\/dl><dl class='gallery-item'>\n\t\t\t<dt class='gallery-icon landscape'>\n\t\t\t\t<a data-elementor-open-lightbox=\"yes\" data-elementor-lightbox-slideshow=\"fc0820f\" data-elementor-lightbox-title=\"zak\u0142adanie ogrod\u00f3w\" data-e-action-hash=\"#elementor-action%3Aaction%3Dlightbox%26settings%3DeyJpZCI6MzE2LCJ1cmwiOiJodHRwczpcL1wvdGVycmFkZXNpZ24ucGxcL3Rlc3RcL3dwLWNvbnRlbnRcL3VwbG9hZHNcLzIwMTlcLzAyXC83LmpwZyIsInNsaWRlc2hvdyI6ImZjMDgyMGYifQ%3D%3D\" href='https:\/\/terradesign.pl\/test\/wp-content\/uploads\/2019\/02\/7.jpg'><img decoding=\"async\" width=\"640\" height=\"428\" src=\"https:\/\/terradesign.pl\/test\/wp-content\/uploads\/2019\/02\/7-768x513.jpg\" class=\"attachment-medium_large size-medium_large\" alt=\"zak\u0142adanie ogrod\u00f3w\" srcset=\"https:\/\/terradesign.pl\/test\/wp-content\/uploads\/2019\/02\/7-768x513.jpg 768w, https:\/\/terradesign.pl\/test\/wp-content\/uploads\/2019\/02\/7-300x200.jpg 300w, https:\/\/terradesign.pl\/test\/wp-content\/uploads\/2019\/02\/7.jpg 975w\" sizes=\"(max-width: 640px) 100vw, 640px\" \/><\/a>\n\t\t\t<\/dt><\/dl><dl class='gallery-item'>\n\t\t\t<dt class='gallery-icon landscape'>\n\t\t\t\t<a data-elementor-open-lightbox=\"yes\" data-elementor-lightbox-slideshow=\"fc0820f\" data-elementor-lightbox-title=\"zak\u0142adanie ogrod\u00f3w przydomowych warszawa\" data-e-action-hash=\"#elementor-action%3Aaction%3Dlightbox%26settings%3DeyJpZCI6MjEsInVybCI6Imh0dHBzOlwvXC90ZXJyYWRlc2lnbi5wbFwvdGVzdFwvd3AtY29udGVudFwvdXBsb2Fkc1wvMjAxOVwvMDJcLzIwMTYxMDI3XzEwNDkyMC5qcGciLCJzbGlkZXNob3ciOiJmYzA4MjBmIn0%3D\" href='https:\/\/terradesign.pl\/test\/wp-content\/uploads\/2019\/02\/20161027_104920.jpg'><img loading=\"lazy\" decoding=\"async\" width=\"640\" height=\"480\" src=\"https:\/\/terradesign.pl\/test\/wp-content\/uploads\/2019\/02\/20161027_104920-768x576.jpg\" class=\"attachment-medium_large size-medium_large\" alt=\"zak\u0142adanie ogrod\u00f3w przydomowych warszawa\" srcset=\"https:\/\/terradesign.pl\/test\/wp-content\/uploads\/2019\/02\/20161027_104920-768x576.jpg 768w, https:\/\/terradesign.pl\/test\/wp-content\/uploads\/2019\/02\/20161027_104920-300x225.jpg 300w, https:\/\/terradesign.pl\/test\/wp-content\/uploads\/2019\/02\/20161027_104920-1024x768.jpg 1024w\" sizes=\"(max-width: 640px) 100vw, 640px\" \/><\/a>\n\t\t\t<\/dt><\/dl>\n\t\t<\/div>\n\t\t<\/div>\n\t\t\t\t\t\t<\/div>\n\t\t\t\t<\/div>\n\t\t\t\t\t<\/div>\n\t\t<\/div>\n\t\t\t\t\t<\/div>\n\t\t<\/section>\n\t\t\t\t<section class=\"elementor-section elementor-top-section elementor-element elementor-element-9ddd052 elementor-section-boxed elementor-section-height-default elementor-section-height-default\" data-id=\"9ddd052\" data-element_type=\"section\" data-e-type=\"section\">\n\t\t\t\t\t\t<div class=\"elementor-container elementor-column-gap-default\">\n\t\t\t\t\t<div class=\"elementor-column elementor-col-100 elementor-top-column elementor-element elementor-element-d703473\" data-id=\"d703473\" data-element_type=\"column\" data-e-type=\"column\">\n\t\t\t<div class=\"elementor-widget-wrap elementor-element-populated\">\n\t\t\t\t\t\t<div class=\"elementor-element elementor-element-86f5c28 elementor-widget elementor-widget-text-editor\" data-id=\"86f5c28\" data-element_type=\"widget\" data-e-type=\"widget\" data-widget_type=\"text-editor.default\">\n\t\t\t\t<div class=\"elementor-widget-container\">\n\t\t\t\t\t\t\t\t\t<p>Wykonujemy wszystkie prace na ka\u017cdym etapie zak\u0142adania ogrodu. Nasze realizacje\u00a0<br \/>rozpoczynaj\u0105 si\u0119 od podstawowych czynno\u015bci zwi\u0105zanych z przygotowaniem terenu pod inwestycj\u0119 a\u017c do osi\u0105gni\u0119cia efektu ko\u0144cowego. W spos\u00f3b racjonalny i sprawny pracujemy, wykorzystuj\u0105c najwy\u017cszej jako\u015bci materia\u0142y i ro\u015bliny, kt\u00f3re czyni\u0105 oferowane przez nas zak\u0142adanie ogrod\u00f3w w pe\u0142ni profesjonalnie przeprowadzon\u0105 us\u0142ug\u0105. Z najwy\u017csz\u0105 dba\u0142o\u015bci\u0105 o szczeg\u00f3\u0142y oraz satysfakcj\u0119 klienta jeste\u015bmy w stanie uwzgl\u0119dni\u0107 ka\u017cdy indywidualny warunek, czy sugesti\u0119. Tym oto sposobem oraz dzi\u0119ki zaufaniu klient\u00f3w z dzielnic Warszawa Weso\u0142a oraz Warszawa Wawer, a tak\u017ce miejscowo\u015bci Sulej\u00f3wek, Otwock i J\u00f3zef\u00f3w, kt\u00f3rzy dotychczas skorzystali z naszych us\u0142ug, nasza dzia\u0142alno\u015b\u0107 rodzinna jest ju\u017c z Pa\u0144stwem od niemal 100 lat!<\/p>\t\t\t\t\t\t\t\t<\/div>\n\t\t\t\t<\/div>\n\t\t\t\t\t<\/div>\n\t\t<\/div>\n\t\t\t\t\t<\/div>\n\t\t<\/section>\n\t\t\t\t<section class=\"elementor-section elementor-top-section elementor-element elementor-element-cca0714 elementor-section-boxed elementor-section-height-default elementor-section-height-default\" data-id=\"cca0714\" data-element_type=\"section\" data-e-type=\"section\">\n\t\t\t\t\t\t<div class=\"elementor-container elementor-column-gap-default\">\n\t\t\t\t\t<div class=\"elementor-column elementor-col-100 elementor-top-column elementor-element elementor-element-c6af092\" data-id=\"c6af092\" data-element_type=\"column\" data-e-type=\"column\">\n\t\t\t<div class=\"elementor-widget-wrap elementor-element-populated\">\n\t\t\t\t\t\t<div class=\"elementor-element elementor-element-67d97f4 elementor-widget elementor-widget-text-editor\" data-id=\"67d97f4\" data-element_type=\"widget\" data-e-type=\"widget\" data-widget_type=\"text-editor.default\">\n\t\t\t\t<div class=\"elementor-widget-container\">\n\t\t\t\t\t\t\t\t\t<p>W ramach zak\u0142adania ogrod\u00f3w dla naszych klient\u00f3w z Warszawy (dzielnic Wawer i Weso\u0142a) oraz J\u00f3zefowa, Sulej\u00f3wka i Otwocka, gwarantujemy:<\/p>\n<p>\u25e6 przygotowanie i niwelacje terenu<br \/>\u25e6 monta\u017c instalacji odwadniaj\u0105cych, nawadniania ogrodu i o\u015bwietlenia w ogrodzie<br \/>\u25e6 budowa taras\u00f3w drewnianych i ma\u0142ej architektury ogrodowej<br \/>\u25e6 budowa nawierzchni &#8211; \u015bcie\u017cki ogrodowe, podjazdy, murki oporowych,<br \/>\u25e6 wykonywanie nasadze\u0144, przesadzanie ro\u015blin i przebudowy ogrodu, <br \/>\u25e6 zak\u0142adanie trawnik\u00f3w sianych, z rolki oraz metod\u0105 hydrosiewu<br \/>\u25e6 zapewniamy dostarczenie niezb\u0119dnych materia\u0142\u00f3w do za\u0142o\u017cenia ogrodu w trakcie realizacji,<\/p>\t\t\t\t\t\t\t\t<\/div>\n\t\t\t\t<\/div>\n\t\t\t\t\t<\/div>\n\t\t<\/div>\n\t\t\t\t\t<\/div>\n\t\t<\/section>\n\t\t\t\t<section class=\"elementor-section elementor-top-section elementor-element elementor-element-0c36b91 elementor-section-boxed elementor-section-height-default elementor-section-height-default\" data-id=\"0c36b91\" data-element_type=\"section\" data-e-type=\"section\">\n\t\t\t\t\t\t<div class=\"elementor-container elementor-column-gap-default\">\n\t\t\t\t\t<div class=\"elementor-column elementor-col-50 elementor-top-column elementor-element elementor-element-221525f\" data-id=\"221525f\" data-element_type=\"column\" data-e-type=\"column\">\n\t\t\t<div class=\"elementor-widget-wrap elementor-element-populated\">\n\t\t\t\t\t\t<div class=\"elementor-element elementor-element-1984cad elementor-widget elementor-widget-image\" data-id=\"1984cad\" data-element_type=\"widget\" data-e-type=\"widget\" data-widget_type=\"image.default\">\n\t\t\t\t<div class=\"elementor-widget-container\">\n\t\t\t\t\t\t\t\t\t\t\t\t\t\t\t<img loading=\"lazy\" decoding=\"async\" width=\"430\" height=\"331\" src=\"https:\/\/terradesign.pl\/test\/wp-content\/uploads\/2019\/02\/img00091.png\" class=\"attachment-large size-large wp-image-323\" alt=\"zak\u0142adanie ogrod\u00f3w warszawa\" srcset=\"https:\/\/terradesign.pl\/test\/wp-content\/uploads\/2019\/02\/img00091.png 430w, https:\/\/terradesign.pl\/test\/wp-content\/uploads\/2019\/02\/img00091-300x231.png 300w\" sizes=\"(max-width: 430px) 100vw, 430px\" \/>\t\t\t\t\t\t\t\t\t\t\t\t\t\t\t<\/div>\n\t\t\t\t<\/div>\n\t\t\t\t\t<\/div>\n\t\t<\/div>\n\t\t\t\t<div class=\"elementor-column elementor-col-50 elementor-top-column elementor-element elementor-element-1917bbc\" data-id=\"1917bbc\" data-element_type=\"column\" data-e-type=\"column\">\n\t\t\t<div class=\"elementor-widget-wrap elementor-element-populated\">\n\t\t\t\t\t\t<div class=\"elementor-element elementor-element-93c30df elementor-widget elementor-widget-image\" data-id=\"93c30df\" data-element_type=\"widget\" data-e-type=\"widget\" data-widget_type=\"image.default\">\n\t\t\t\t<div class=\"elementor-widget-container\">\n\t\t\t\t\t\t\t\t\t\t\t\t\t\t\t<img loading=\"lazy\" decoding=\"async\" width=\"485\" height=\"333\" src=\"https:\/\/terradesign.pl\/test\/wp-content\/uploads\/2019\/02\/img00101.png\" class=\"attachment-large size-large wp-image-325\" alt=\"zak\u0142adanie ogrod\u00f3w przydomowych warszawa\" srcset=\"https:\/\/terradesign.pl\/test\/wp-content\/uploads\/2019\/02\/img00101.png 485w, https:\/\/terradesign.pl\/test\/wp-content\/uploads\/2019\/02\/img00101-300x206.png 300w\" sizes=\"(max-width: 485px) 100vw, 485px\" \/>\t\t\t\t\t\t\t\t\t\t\t\t\t\t\t<\/div>\n\t\t\t\t<\/div>\n\t\t\t\t\t<\/div>\n\t\t<\/div>\n\t\t\t\t\t<\/div>\n\t\t<\/section>\n\t\t\t\t<section class=\"elementor-section elementor-top-section elementor-element elementor-element-dedf944 elementor-section-boxed elementor-section-height-default elementor-section-height-default\" data-id=\"dedf944\" data-element_type=\"section\" data-e-type=\"section\">\n\t\t\t\t\t\t<div class=\"elementor-container elementor-column-gap-default\">\n\t\t\t\t\t<div class=\"elementor-column elementor-col-100 elementor-top-column elementor-element elementor-element-4188a60\" data-id=\"4188a60\" data-element_type=\"column\" data-e-type=\"column\">\n\t\t\t<div class=\"elementor-widget-wrap elementor-element-populated\">\n\t\t\t\t\t\t<div class=\"elementor-element elementor-element-af61fc0 elementor-view-default elementor-widget elementor-widget-icon\" data-id=\"af61fc0\" data-element_type=\"widget\" data-e-type=\"widget\" data-widget_type=\"icon.default\">\n\t\t\t\t<div class=\"elementor-widget-container\">\n\t\t\t\t\t\t\t<div class=\"elementor-icon-wrapper\">\n\t\t\t<a class=\"elementor-icon elementor-animation-pulse-grow\" href=\"#top-gora\">\n\t\t\t\t\t\t\t<i class=\"fa fa-angle-double-up\" aria-hidden=\"true\"><\/i>\n\t\t\t\t\t\t<\/a>\n\t\t<\/div>\n\t\t\t\t\t\t<\/div>\n\t\t\t\t<\/div>\n\t\t\t\t\t<\/div>\n\t\t<\/div>\n\t\t\t\t\t<\/div>\n\t\t<\/section>\n\t\t\t\t<\/div>\n\t\t","protected":false},"excerpt":{"rendered":"<p>Zak\u0142adanie ogrod\u00f3w &#8211; realizacja projekt\u00f3w ogrod\u00f3w Reazlizacj\u0105 projekt\u00f3w ogrod\u00f3w zajmujemy si\u0119 od kilkunastu lat. Pracujemy w oparciu o aran\u017cacje w\u0142asne oraz projekty przygotowane przez inne pracownie. Wieloletnie empiryczne zdobywanie wiedzy, a co za tym idzie bogate do\u015bwiadczenie, daje nam komfort swobodnej pracy oraz \u0142atwo\u015b\u0107 w znajdowaniu i \u0142\u0105czeniu sprawdzonych i nowoczesnych rozwi\u0105za\u0144. Zdobyte do\u015bwiadczenie w&#8230;  <a class=\"excerpt-read-more\" href=\"https:\/\/terradesign.pl\/test\/?page_id=25\" title=\"Read Zak\u0142adanie ogrod\u00f3w\">Read more &raquo;<\/a><\/p>\n","protected":false},"author":1,"featured_media":0,"parent":0,"menu_order":0,"comment_status":"closed","ping_status":"closed","template":"","meta":{"_acf_changed":false,"footnotes":""},"class_list":["post-25","page","type-page","status-publish","hentry"],"acf":[],"_links":{"self":[{"href":"https:\/\/terradesign.pl\/test\/index.php?rest_route=\/wp\/v2\/pages\/25","targetHints":{"allow":["GET"]}}],"collection":[{"href":"https:\/\/terradesign.pl\/test\/index.php?rest_route=\/wp\/v2\/pages"}],"about":[{"href":"https:\/\/terradesign.pl\/test\/index.php?rest_route=\/wp\/v2\/types\/page"}],"author":[{"embeddable":true,"href":"https:\/\/terradesign.pl\/test\/index.php?rest_route=\/wp\/v2\/users\/1"}],"replies":[{"embeddable":true,"href":"https:\/\/terradesign.pl\/test\/index.php?rest_route=%2Fwp%2Fv2%2Fcomments&post=25"}],"version-history":[{"count":27,"href":"https:\/\/terradesign.pl\/test\/index.php?rest_route=\/wp\/v2\/pages\/25\/revisions"}],"predecessor-version":[{"id":972,"href":"https:\/\/terradesign.pl\/test\/index.php?rest_route=\/wp\/v2\/pages\/25\/revisions\/972"}],"wp:attachment":[{"href":"https:\/\/terradesign.pl\/test\/index.php?rest_route=%2Fwp%2Fv2%2Fmedia&parent=25"}],"curies":[{"name":"wp","href":"https:\/\/api.w.org\/{rel}","templated":true}]}}