{"id":367,"date":"2019-02-12T23:30:56","date_gmt":"2019-02-12T22:30:56","guid":{"rendered":"https:\/\/terradesign.pl\/test\/?page_id=367"},"modified":"2019-09-17T14:34:36","modified_gmt":"2019-09-17T12:34:36","slug":"oswietlenie-ogrodowe","status":"publish","type":"page","link":"https:\/\/terradesign.pl\/test\/?page_id=367","title":{"rendered":"O\u015bwietlenie ogrodowe"},"content":{"rendered":"\t\t<div data-elementor-type=\"wp-post\" data-elementor-id=\"367\" class=\"elementor elementor-367 elementor-bc-flex-widget\">\n\t\t\t\t\t\t<section class=\"elementor-section elementor-top-section elementor-element elementor-element-aae007f elementor-section-boxed elementor-section-height-default elementor-section-height-default\" data-id=\"aae007f\" data-element_type=\"section\" data-e-type=\"section\">\n\t\t\t\t\t\t<div class=\"elementor-container elementor-column-gap-default\">\n\t\t\t\t\t<div class=\"elementor-column elementor-col-100 elementor-top-column elementor-element elementor-element-2f908ac\" data-id=\"2f908ac\" data-element_type=\"column\" data-e-type=\"column\">\n\t\t\t<div class=\"elementor-widget-wrap elementor-element-populated\">\n\t\t\t\t\t\t<div class=\"elementor-element elementor-element-844ec44 elementor-widget elementor-widget-image\" data-id=\"844ec44\" data-element_type=\"widget\" data-e-type=\"widget\" data-widget_type=\"image.default\">\n\t\t\t\t<div class=\"elementor-widget-container\">\n\t\t\t\t\t\t\t\t\t\t\t\t\t\t\t<img fetchpriority=\"high\" decoding=\"async\" width=\"1200\" height=\"500\" src=\"https:\/\/terradesign.pl\/test\/wp-content\/uploads\/2019\/02\/oswietlenie-ogrodowe-1200x500.jpg\" class=\"attachment-simplyread-slider-image size-simplyread-slider-image wp-image-431\" alt=\"\" \/>\t\t\t\t\t\t\t\t\t\t\t\t\t\t\t<\/div>\n\t\t\t\t<\/div>\n\t\t\t\t\t<\/div>\n\t\t<\/div>\n\t\t\t\t\t<\/div>\n\t\t<\/section>\n\t\t\t\t<section class=\"elementor-section elementor-top-section elementor-element elementor-element-36bfdef elementor-section-boxed elementor-section-height-default elementor-section-height-default\" data-id=\"36bfdef\" data-element_type=\"section\" data-e-type=\"section\">\n\t\t\t\t\t\t<div class=\"elementor-container elementor-column-gap-default\">\n\t\t\t\t\t<div class=\"elementor-column elementor-col-100 elementor-top-column elementor-element elementor-element-43ebfce1\" data-id=\"43ebfce1\" data-element_type=\"column\" data-e-type=\"column\">\n\t\t\t<div class=\"elementor-widget-wrap elementor-element-populated\">\n\t\t\t\t\t\t<div class=\"elementor-element elementor-element-2f604dbe elementor-widget elementor-widget-text-editor\" data-id=\"2f604dbe\" data-element_type=\"widget\" data-e-type=\"widget\" data-widget_type=\"text-editor.default\">\n\t\t\t\t<div class=\"elementor-widget-container\">\n\t\t\t\t\t\t\t\t\t\n<p>\u015bwiat\u0142o w ogrodzie &#8211; lampy ogrodowe<br><\/p>\n\t\t\t\t\t\t\t\t<\/div>\n\t\t\t\t<\/div>\n\t\t\t\t\t<\/div>\n\t\t<\/div>\n\t\t\t\t\t<\/div>\n\t\t<\/section>\n\t\t\t\t<section class=\"elementor-section elementor-top-section elementor-element elementor-element-5b57a42 elementor-section-boxed elementor-section-height-default elementor-section-height-default\" data-id=\"5b57a42\" data-element_type=\"section\" data-e-type=\"section\">\n\t\t\t\t\t\t<div class=\"elementor-container elementor-column-gap-default\">\n\t\t\t\t\t<div class=\"elementor-column elementor-col-100 elementor-top-column elementor-element elementor-element-28b8f19\" data-id=\"28b8f19\" data-element_type=\"column\" data-e-type=\"column\">\n\t\t\t<div class=\"elementor-widget-wrap elementor-element-populated\">\n\t\t\t\t\t\t<div class=\"elementor-element elementor-element-f64cc96 elementor-widget elementor-widget-text-editor\" data-id=\"f64cc96\" data-element_type=\"widget\" data-e-type=\"widget\" data-widget_type=\"text-editor.default\">\n\t\t\t\t<div class=\"elementor-widget-container\">\n\t\t\t\t\t\t\t\t\t<p>Tworzone przez nas ogrody funkcjonuj\u0105 w dw\u00f3ch wymiarach &#8211; dziennym i nocnym, a oba s\u0105 fascynuj\u0105ce i urzekaj\u0105ce. \u015awiadomie zaplanowane o\u015bwietlenie pokazuje alternatywne \u017cycie ogrodu.<\/p>\n<p>Nowoczesne, bezpieczne instalacje uruchomiaj\u0105 si\u0119 w spos\u00f3b automatyczny i s\u0105 energooszcz\u0119dne, a odpowiednio dobrane lampy s\u0105 sp\u00f3jne ze stylem ogrodu.a<\/p>\t\t\t\t\t\t\t\t<\/div>\n\t\t\t\t<\/div>\n\t\t\t\t\t<\/div>\n\t\t<\/div>\n\t\t\t\t\t<\/div>\n\t\t<\/section>\n\t\t\t\t<section class=\"elementor-section elementor-top-section elementor-element elementor-element-920b70c elementor-section-boxed elementor-section-height-default elementor-section-height-default\" data-id=\"920b70c\" data-element_type=\"section\" data-e-type=\"section\">\n\t\t\t\t\t\t<div class=\"elementor-container elementor-column-gap-default\">\n\t\t\t\t\t<div class=\"elementor-column elementor-col-100 elementor-top-column elementor-element elementor-element-18b536b\" data-id=\"18b536b\" data-element_type=\"column\" data-e-type=\"column\">\n\t\t\t<div class=\"elementor-widget-wrap elementor-element-populated\">\n\t\t\t\t\t\t<div class=\"elementor-element elementor-element-e174a9b elementor-view-default elementor-widget elementor-widget-icon\" data-id=\"e174a9b\" data-element_type=\"widget\" data-e-type=\"widget\" data-widget_type=\"icon.default\">\n\t\t\t\t<div class=\"elementor-widget-container\">\n\t\t\t\t\t\t\t<div class=\"elementor-icon-wrapper\">\n\t\t\t<a class=\"elementor-icon elementor-animation-pulse-grow\" href=\"#top-gora\">\n\t\t\t\t\t\t\t<i class=\"fa fa-angle-double-up\" aria-hidden=\"true\"><\/i>\n\t\t\t\t\t\t<\/a>\n\t\t<\/div>\n\t\t\t\t\t\t<\/div>\n\t\t\t\t<\/div>\n\t\t\t\t\t<\/div>\n\t\t<\/div>\n\t\t\t\t\t<\/div>\n\t\t<\/section>\n\t\t\t\t<\/div>\n\t\t","protected":false},"excerpt":{"rendered":"<p>\u015bwiat\u0142o w ogrodzie &#8211; lampy ogrodowe Tworzone przez nas ogrody funkcjonuj\u0105 w dw\u00f3ch wymiarach &#8211; dziennym i nocnym, a oba s\u0105 fascynuj\u0105ce i urzekaj\u0105ce. \u015awiadomie zaplanowane o\u015bwietlenie pokazuje alternatywne \u017cycie ogrodu. Nowoczesne, bezpieczne instalacje uruchomiaj\u0105 si\u0119 w spos\u00f3b automatyczny i s\u0105 energooszcz\u0119dne, a odpowiednio dobrane lampy s\u0105 sp\u00f3jne ze stylem ogrodu.a<\/p>\n","protected":false},"author":1,"featured_media":0,"parent":0,"menu_order":0,"comment_status":"closed","ping_status":"closed","template":"","meta":{"_acf_changed":false,"footnotes":""},"class_list":["post-367","page","type-page","status-publish","hentry"],"acf":[],"_links":{"self":[{"href":"https:\/\/terradesign.pl\/test\/index.php?rest_route=\/wp\/v2\/pages\/367","targetHints":{"allow":["GET"]}}],"collection":[{"href":"https:\/\/terradesign.pl\/test\/index.php?rest_route=\/wp\/v2\/pages"}],"about":[{"href":"https:\/\/terradesign.pl\/test\/index.php?rest_route=\/wp\/v2\/types\/page"}],"author":[{"embeddable":true,"href":"https:\/\/terradesign.pl\/test\/index.php?rest_route=\/wp\/v2\/users\/1"}],"replies":[{"embeddable":true,"href":"https:\/\/terradesign.pl\/test\/index.php?rest_route=%2Fwp%2Fv2%2Fcomments&post=367"}],"version-history":[{"count":8,"href":"https:\/\/terradesign.pl\/test\/index.php?rest_route=\/wp\/v2\/pages\/367\/revisions"}],"predecessor-version":[{"id":961,"href":"https:\/\/terradesign.pl\/test\/index.php?rest_route=\/wp\/v2\/pages\/367\/revisions\/961"}],"wp:attachment":[{"href":"https:\/\/terradesign.pl\/test\/index.php?rest_route=%2Fwp%2Fv2%2Fmedia&parent=367"}],"curies":[{"name":"wp","href":"https:\/\/api.w.org\/{rel}","templated":true}]}}